{"id":6267,"date":"2025-11-04T18:35:44","date_gmt":"2025-11-04T17:35:44","guid":{"rendered":"https:\/\/artimex.pl\/suszarniazboz\/?page_id=6267"},"modified":"2025-11-04T18:35:47","modified_gmt":"2025-11-04T17:35:47","slug":"nasze-oddzialy","status":"publish","type":"page","link":"https:\/\/artimex.pl\/suszarniazboz\/nasze-oddzialy\/","title":{"rendered":"Nasze oddzia\u0142y"},"content":{"rendered":"\n<hr class=\"wp-block-separator has-text-color has-alpha-channel-opacity has-background is-style-default\" style=\"background-color:#eeeeee;color:#eeeeee\"\/>\n\n\n\n<div class=\"wp-block-columns are-vertically-aligned-center has-white-background-color has-background is-layout-flex wp-container-core-columns-is-layout-9d6595d7 wp-block-columns-is-layout-flex\">\n<div class=\"wp-block-column is-vertically-aligned-center is-layout-flow wp-block-column-is-layout-flow\">\n<figure class=\"wp-block-image size-large is-resized\"><img decoding=\"async\" src=\"https:\/\/artimex.pl\/fotowoltaika\/wp-content\/uploads\/2025\/11\/artimex-pl-logo250.svg\" alt=\"\" class=\"wp-image-6021\" style=\"width:300px;height:auto\"\/><\/figure>\n\n\n<div class=\"wp-block-title\">\n<h2 class=\"wp-block-heading has-text-align-left has-medium-font-size\">Oddzia\u0142 Rob\u00f3t Ziemnych<\/h2><div class=\"wp-block-title-pattern\"><\/div>\n<\/div><\/div>\n\n\n\n<div class=\"wp-block-column is-vertically-aligned-center is-layout-flow wp-block-column-is-layout-flow\">\n<div class=\"wp-block-buttons is-content-justification-right is-layout-flex wp-container-core-buttons-is-layout-765c4724 wp-block-buttons-is-layout-flex\">\n<div class=\"wp-block-button is-style-fill\"><a class=\"wp-block-button__link has-background wp-element-button\" href=\"https:\/\/artimex.pl\" style=\"border-radius:0px;background:linear-gradient(135deg,rgb(190,0,0) 0%,rgb(255,0,0) 100%)\">Przejd\u017a do strony oddzia\u0142u<\/a><\/div>\n<\/div>\n<\/div>\n<\/div>\n\n\n\n<hr class=\"wp-block-separator has-text-color has-alpha-channel-opacity has-background is-style-default\" style=\"background-color:#eeeeee;color:#eeeeee\"\/>\n\n\n\n<div class=\"wp-block-columns are-vertically-aligned-center has-white-background-color has-background is-layout-flex wp-container-core-columns-is-layout-9d6595d7 wp-block-columns-is-layout-flex\">\n<div class=\"wp-block-column is-vertically-aligned-center is-layout-flow wp-block-column-is-layout-flow\">\n<figure class=\"wp-block-image size-large is-resized\"><img decoding=\"async\" width=\"225\" height=\"39\" src=\"https:\/\/artimex.pl\/fotowoltaika\/wp-content\/uploads\/2022\/11\/artimex-eu-logo250.svg\" alt=\"\" class=\"wp-image-5420\" style=\"width:300px\"\/><\/figure>\n\n\n<div class=\"wp-block-title\">\n<h2 class=\"wp-block-heading has-text-align-left has-medium-font-size\">Oddzia\u0142 Fotowoltaiki<\/h2><div class=\"wp-block-title-pattern\"><\/div>\n<\/div><\/div>\n\n\n\n<div class=\"wp-block-column is-vertically-aligned-center is-layout-flow wp-block-column-is-layout-flow\">\n<div class=\"wp-block-buttons is-content-justification-right is-layout-flex wp-container-core-buttons-is-layout-765c4724 wp-block-buttons-is-layout-flex\">\n<div class=\"wp-block-button is-style-fill\"><a class=\"wp-block-button__link has-background wp-element-button\" href=\"https:\/\/artimex.pl\/fotowoltaika\/\" style=\"border-radius:0px;background:linear-gradient(135deg,rgb(3,130,91) 0%,rgb(0,204,255) 100%)\">Przejd\u017a do strony oddzia\u0142u<\/a><\/div>\n<\/div>\n<\/div>\n<\/div>\n\n\n\n<hr class=\"wp-block-separator has-text-color has-alpha-channel-opacity has-background is-style-default\" style=\"background-color:#eeeeee;color:#eeeeee\"\/>\n\n\n\n<div class=\"wp-block-columns are-vertically-aligned-center has-white-background-color has-background is-layout-flex wp-container-core-columns-is-layout-9d6595d7 wp-block-columns-is-layout-flex\">\n<div class=\"wp-block-column is-vertically-aligned-center is-layout-flow wp-block-column-is-layout-flow\">\n<figure class=\"wp-block-image size-large is-resized\"><img decoding=\"async\" src=\"https:\/\/artimex.pl\/fotowoltaika\/wp-content\/uploads\/2025\/11\/artimx-agro-215-1.svg\" alt=\"\" class=\"wp-image-6022\" style=\"width:300px\"\/><\/figure>\n\n\n<div class=\"wp-block-title\">\n<h2 class=\"wp-block-heading has-text-align-left has-medium-font-size\">Oddzia\u0142 Suszarni Zb\u00f3\u017c<\/h2><div class=\"wp-block-title-pattern\"><\/div>\n<\/div><\/div>\n\n\n\n<div class=\"wp-block-column is-vertically-aligned-center is-layout-flow wp-block-column-is-layout-flow\">\n<div class=\"wp-block-buttons is-content-justification-right is-layout-flex wp-container-core-buttons-is-layout-765c4724 wp-block-buttons-is-layout-flex\">\n<div class=\"wp-block-button is-style-fill\"><a class=\"wp-block-button__link has-black-color has-electric-grass-gradient-background has-text-color has-background has-link-color wp-element-button\" href=\"https:\/\/artimex.pl\/suszarniazboz\/\" style=\"border-radius:0px\">Przejd\u017a do strony oddzia\u0142u<\/a><\/div>\n<\/div>\n<\/div>\n<\/div>\n\n\n\n<hr class=\"wp-block-separator has-text-color has-alpha-channel-opacity has-background is-style-default\" style=\"background-color:#eeeeee;color:#eeeeee\"\/>\n","protected":false},"excerpt":{"rendered":"<p>Oddzia\u0142 Rob\u00f3t Ziemnych Oddzia\u0142 Fotowoltaiki Oddzia\u0142 Suszarni Zb\u00f3\u017c<\/p>\n","protected":false},"author":2,"featured_media":0,"parent":0,"menu_order":0,"comment_status":"closed","ping_status":"closed","template":"","meta":{"inline_featured_image":false,"footnotes":""},"class_list":["post-6267","page","type-page","status-publish","hentry"],"_links":{"self":[{"href":"https:\/\/artimex.pl\/suszarniazboz\/wp-json\/wp\/v2\/pages\/6267","targetHints":{"allow":["GET"]}}],"collection":[{"href":"https:\/\/artimex.pl\/suszarniazboz\/wp-json\/wp\/v2\/pages"}],"about":[{"href":"https:\/\/artimex.pl\/suszarniazboz\/wp-json\/wp\/v2\/types\/page"}],"author":[{"embeddable":true,"href":"https:\/\/artimex.pl\/suszarniazboz\/wp-json\/wp\/v2\/users\/2"}],"replies":[{"embeddable":true,"href":"https:\/\/artimex.pl\/suszarniazboz\/wp-json\/wp\/v2\/comments?post=6267"}],"version-history":[{"count":1,"href":"https:\/\/artimex.pl\/suszarniazboz\/wp-json\/wp\/v2\/pages\/6267\/revisions"}],"predecessor-version":[{"id":6268,"href":"https:\/\/artimex.pl\/suszarniazboz\/wp-json\/wp\/v2\/pages\/6267\/revisions\/6268"}],"wp:attachment":[{"href":"https:\/\/artimex.pl\/suszarniazboz\/wp-json\/wp\/v2\/media?parent=6267"}],"curies":[{"name":"wp","href":"https:\/\/api.w.org\/{rel}","templated":true}]}}