{"id":6230,"date":"2025-11-04T17:34:49","date_gmt":"2025-11-04T16:34:49","guid":{"rendered":"https:\/\/artimex.pl\/suszarniazboz\/?page_id=6230"},"modified":"2025-11-04T17:44:26","modified_gmt":"2025-11-04T16:44:26","slug":"oferta","status":"publish","type":"page","link":"https:\/\/artimex.pl\/suszarniazboz\/oferta\/","title":{"rendered":"Oferta"},"content":{"rendered":"\n<div class=\"wp-block-columns are-vertically-aligned-center has-electric-grass-gradient-background has-background is-layout-flex wp-container-core-columns-is-layout-9d6595d7 wp-block-columns-is-layout-flex\">\n<div class=\"wp-block-column is-vertically-aligned-center is-layout-flow wp-block-column-is-layout-flow\"><div class=\"wp-block-title\">\n<h2 class=\"wp-block-heading\">Tabela potra\u0328cen\u0301 i dop\u0142at z dnia 01.10.2025 r..pdf<\/h2><div class=\"wp-block-title-pattern\"><\/div>\n<\/div><\/div>\n\n\n\n<div class=\"wp-block-column is-vertically-aligned-center has-black-color has-text-color has-link-color wp-elements-31d751b10546aaa114151ec1c9d9a62d is-layout-flow wp-block-column-is-layout-flow\">\n<div class=\"wp-block-file\"><a id=\"wp-block-file--media-459ef84d-a46a-41f3-9431-0bdf24fab0f5\" href=\"https:\/\/artimex.pl\/suszarniazboz\/wp-content\/uploads\/2025\/11\/Tabela-potracen-i-doplat-z-dnia-01.10.2025-r.pdf\">Tabela potra\u0328cen\u0301 i dop\u0142at z dnia 01.10.2025 r.<\/a><a href=\"https:\/\/artimex.pl\/suszarniazboz\/wp-content\/uploads\/2025\/11\/Tabela-potracen-i-doplat-z-dnia-01.10.2025-r.pdf\" class=\"wp-block-file__button wp-element-button\" download aria-describedby=\"wp-block-file--media-459ef84d-a46a-41f3-9431-0bdf24fab0f5\">Pobierz plik<\/a><\/div>\n<\/div>\n<\/div>\n\n\n\n<div style=\"height:25px\" aria-hidden=\"true\" class=\"wp-block-spacer\"><\/div>\n\n\n\n<div class=\"wp-block-columns are-vertically-aligned-center has-electric-grass-gradient-background has-background is-layout-flex wp-container-core-columns-is-layout-9d6595d7 wp-block-columns-is-layout-flex\">\n<div class=\"wp-block-column is-vertically-aligned-center is-layout-flow wp-block-column-is-layout-flow\"><div class=\"wp-block-title\">\n<h2 class=\"wp-block-heading\">Og\u00f3lne Warunki Zam\u00f3wienia z dnia 01.10.2025 r..pdf<\/h2><div class=\"wp-block-title-pattern\"><\/div>\n<\/div><\/div>\n\n\n\n<div class=\"wp-block-column is-vertically-aligned-center has-black-color has-text-color has-link-color wp-elements-cb75493f97176b2f5d5e9390cb98a4ec is-layout-flow wp-block-column-is-layout-flow\">\n<div class=\"wp-block-file\"><a id=\"wp-block-file--media-290d1036-0066-4fbe-9dce-4ff51c8fead1\" href=\"https:\/\/artimex.pl\/suszarniazboz\/wp-content\/uploads\/2025\/11\/OWZ-z-dnia-01.10.2025-r.pdf\">OWZ z dnia 01.10.2025 r.<\/a><a href=\"https:\/\/artimex.pl\/suszarniazboz\/wp-content\/uploads\/2025\/11\/OWZ-z-dnia-01.10.2025-r.pdf\" class=\"wp-block-file__button wp-element-button\" download aria-describedby=\"wp-block-file--media-290d1036-0066-4fbe-9dce-4ff51c8fead1\">Pobierz plik<\/a><\/div>\n<\/div>\n<\/div>\n","protected":false},"excerpt":{"rendered":"<p>Tabela potra\u0328cen\u0301 i dop\u0142at z dnia 01.10.2025 r..pdf Og\u00f3lne Warunki Zam\u00f3wienia z dnia 01.10.2025 r..pdf<\/p>\n","protected":false},"author":2,"featured_media":0,"parent":0,"menu_order":0,"comment_status":"closed","ping_status":"closed","template":"","meta":{"inline_featured_image":false,"footnotes":""},"class_list":["post-6230","page","type-page","status-publish","hentry"],"_links":{"self":[{"href":"https:\/\/artimex.pl\/suszarniazboz\/wp-json\/wp\/v2\/pages\/6230","targetHints":{"allow":["GET"]}}],"collection":[{"href":"https:\/\/artimex.pl\/suszarniazboz\/wp-json\/wp\/v2\/pages"}],"about":[{"href":"https:\/\/artimex.pl\/suszarniazboz\/wp-json\/wp\/v2\/types\/page"}],"author":[{"embeddable":true,"href":"https:\/\/artimex.pl\/suszarniazboz\/wp-json\/wp\/v2\/users\/2"}],"replies":[{"embeddable":true,"href":"https:\/\/artimex.pl\/suszarniazboz\/wp-json\/wp\/v2\/comments?post=6230"}],"version-history":[{"count":5,"href":"https:\/\/artimex.pl\/suszarniazboz\/wp-json\/wp\/v2\/pages\/6230\/revisions"}],"predecessor-version":[{"id":6242,"href":"https:\/\/artimex.pl\/suszarniazboz\/wp-json\/wp\/v2\/pages\/6230\/revisions\/6242"}],"wp:attachment":[{"href":"https:\/\/artimex.pl\/suszarniazboz\/wp-json\/wp\/v2\/media?parent=6230"}],"curies":[{"name":"wp","href":"https:\/\/api.w.org\/{rel}","templated":true}]}}