{"id":43,"date":"2021-11-08T14:32:25","date_gmt":"2021-11-08T13:32:25","guid":{"rendered":"https:\/\/demo.artureanec.com\/themes\/energium\/?page_id=43"},"modified":"2025-10-31T17:21:41","modified_gmt":"2025-10-31T16:21:41","slug":"blog","status":"publish","type":"page","link":"https:\/\/artimex.pl\/suszarniazboz\/blog\/","title":{"rendered":"Blog"},"content":{"rendered":"\t\t<div data-elementor-type=\"wp-page\" data-elementor-id=\"43\" class=\"elementor elementor-43\">\n\t\t\t\t\t\t<section class=\"elementor-section elementor-top-section elementor-element elementor-element-7401dc2 elementor-section-boxed elementor-section-height-default elementor-section-height-default\" data-id=\"7401dc2\" data-element_type=\"section\" data-e-type=\"section\">\n\t\t\t\t\t\t<div class=\"elementor-container elementor-column-gap-default\">\n\t\t\t\t\t<div class=\"elementor-column elementor-col-100 elementor-top-column elementor-element elementor-element-7f206fb\" data-id=\"7f206fb\" data-element_type=\"column\" data-e-type=\"column\">\n\t\t\t<div class=\"elementor-widget-wrap elementor-element-populated\">\n\t\t\t\t\t\t<div class=\"elementor-element elementor-element-cdb3dd8 elementor-widget elementor-widget-energium_blog_listing\" data-id=\"cdb3dd8\" data-element_type=\"widget\" data-e-type=\"widget\" data-widget_type=\"energium_blog_listing.default\">\n\t\t\t\t<div class=\"elementor-widget-container\">\n\t\t\t\t\t\n        <div class=\"archive-listing\" data-ajax='{&quot;post_type&quot;:&quot;post&quot;,&quot;post_status&quot;:&quot;publish&quot;,&quot;posts_per_page&quot;:4,&quot;orderby&quot;:&quot;date&quot;,&quot;order&quot;:&quot;desc&quot;,&quot;paged&quot;:1,&quot;category_name&quot;:&quot;&quot;,&quot;tag&quot;:&quot;&quot;,&quot;post__in&quot;:&quot;&quot;,&quot;ignore_sticky_posts&quot;:false,&quot;link_base&quot;:&quot;https:\\\/\\\/artimex.pl\\\/suszarniazboz\\\/wp-json\\\/wp\\\/v2\\\/pages\\\/43&quot;}' data-widget='{&quot;excerpt_length&quot;:281,&quot;show_cat&quot;:&quot;yes&quot;,&quot;show_media&quot;:&quot;yes&quot;,&quot;show_author&quot;:&quot;yes&quot;,&quot;show_date&quot;:&quot;yes&quot;,&quot;show_title&quot;:&quot;yes&quot;,&quot;show_tags&quot;:&quot;no&quot;,&quot;show_excerpt&quot;:&quot;yes&quot;,&quot;show_read_more&quot;:&quot;yes&quot;,&quot;read_more_text&quot;:&quot;Read more&quot;,&quot;item_class&quot;:&quot;post standard-blog-item-wrapper&quot;,&quot;columns_number&quot;:1}'>\n            <div class=\"archive-listing-wrapper\">\n                \r\n<div class=\"standard-blog-item-wrapper post post-5746 type-post status-publish format-standard has-post-thumbnail hentry category-suszarnia tag-artimex tag-bezpieczenstwo-zywnosci tag-kontrola-jakosci-plonow tag-magazyn tag-magazynowanie-zboz tag-suszarnia tag-suszenie-zboz tag-technologia-rolnicza\">\r\n    <div class=\"blog-item item-with-date\">\r\n        <div class=\"post-media-wrapper\"><a href=\"https:\/\/artimex.pl\/suszarniazboz\/blog\/2022\/11\/15\/od-pola-do-magazynu-jak-nowoczesne-suszenie-zboz-zwieksza-zysk-rolnika\/\"><picture><source media=\"(max-width: 575px)\" sizes=\"(max-width: 535px) 535px\" srcset=\"https:\/\/artimex.pl\/suszarniazboz\/wp-content\/uploads\/2025\/10\/komb_lrg_xl-535x400.jpg 535w\"><source media=\"(max-width: 991px)\" sizes=\"(max-width: 951px) 951px\" srcset=\"https:\/\/artimex.pl\/suszarniazboz\/wp-content\/uploads\/2025\/10\/komb_lrg_xl-951x438.jpg 951w\"><img decoding=\"async\" alt=\"komb_lrg_xl\" title=\"komb_lrg_xl\" src=\"https:\/\/artimex.pl\/suszarniazboz\/wp-content\/uploads\/2025\/10\/komb_lrg_xl-1170x620.jpg\" class=\"attachment-post-thumbnail size-post-thumbnail wp-post-image\" \/><\/picture><\/a><\/div><div class=\"post-labels\"><div class=\"post-categories\"><a class=\"post-category-item\" href=\"https:\/\/artimex.pl\/suszarniazboz\/blog\/category\/suszarnia\/\">suszarnia<\/a><\/div><\/div><div class=\"post-meta-header\"><div class=\"post-meta-item post-meta-item-date\"><a href=\"https:\/\/artimex.pl\/suszarniazboz\/blog\/2022\/11\/15\/\">15 listopada, 2022<\/a><\/div><div class=\"post-meta-item post-meta-item-author\"><a href=\"https:\/\/artimex.pl\/suszarniazboz\/author\/grzegorz.rutecki@gmail.com\/\">Grzegorz<\/a><\/div><\/div><h3 class=\"post-title\"><a href=\"https:\/\/artimex.pl\/suszarniazboz\/blog\/2022\/11\/15\/od-pola-do-magazynu-jak-nowoczesne-suszenie-zboz-zwieksza-zysk-rolnika\/\">Od pola do magazynu \u2013 jak nowoczesne suszenie zb\u00f3\u017c zwi\u0119ksza zysk rolnika<\/a><\/h3><div class=\"post-content\">Suszenie zb\u00f3\u017c to jeden z najwa\u017cniejszych etap\u00f3w po zbiorach. Od jego jako\u015bci zale\u017cy trwa\u0142o\u015b\u0107, warto\u015b\u0107 handlowa i bezpiecze\u0144stwo plon\u00f3w. W nowoczesnych suszarniach proces ten jest w pe\u0142ni kontrolowany, co pozwala rolnikom i firmom zbo\u017cowym zwi\u0119kszy\u0107 mar\u017c\u0119 i ogran<\/div><div class=\"post-more-button\"><a href=\"https:\/\/artimex.pl\/suszarniazboz\/blog\/2022\/11\/15\/od-pola-do-magazynu-jak-nowoczesne-suszenie-zboz-zwieksza-zysk-rolnika\/\"><span>Read more<\/span><svg viewBox=\"0 0 13 20\"><polyline points=\"0.5 19.5 3 19.5 12.5 10 3 0.5\" \/><\/svg><\/a><\/div>    <\/div>\r\n<\/div>\r\n<div class=\"standard-blog-item-wrapper post post-5744 type-post status-publish format-standard has-post-thumbnail hentry category-suszarnia tag-artimex tag-energia-odnawialna tag-oszczednosc-energii tag-oze tag-suszarnia-zboz tag-zrownowazone-rolnictwo\">\r\n    <div class=\"blog-item item-with-date\">\r\n        <div class=\"post-media-wrapper\"><a href=\"https:\/\/artimex.pl\/suszarniazboz\/blog\/2022\/11\/15\/energia-odnawialna-w-suszarniach-nizsze-koszty-mniejszy-slad-weglowy\/\"><picture><source media=\"(max-width: 575px)\" sizes=\"(max-width: 535px) 535px\" srcset=\"https:\/\/artimex.pl\/suszarniazboz\/wp-content\/uploads\/2022\/11\/istockphoto-845602292-612x612-1-535x400.jpg 535w\"><source media=\"(max-width: 991px)\" sizes=\"(max-width: 951px) 951px\" srcset=\"https:\/\/artimex.pl\/suszarniazboz\/wp-content\/uploads\/2022\/11\/istockphoto-845602292-612x612-1.jpg 951w\"><img decoding=\"async\" alt=\"istockphoto-845602292-612x612\" title=\"istockphoto-845602292-612x612\" src=\"https:\/\/artimex.pl\/suszarniazboz\/wp-content\/uploads\/2022\/11\/istockphoto-845602292-612x612-1.jpg\" class=\"attachment-post-thumbnail size-post-thumbnail wp-post-image\" \/><\/picture><\/a><\/div><div class=\"post-labels\"><div class=\"post-categories\"><a class=\"post-category-item\" href=\"https:\/\/artimex.pl\/suszarniazboz\/blog\/category\/suszarnia\/\">suszarnia<\/a><\/div><\/div><div class=\"post-meta-header\"><div class=\"post-meta-item post-meta-item-date\"><a href=\"https:\/\/artimex.pl\/suszarniazboz\/blog\/2022\/11\/15\/\">15 listopada, 2022<\/a><\/div><div class=\"post-meta-item post-meta-item-author\"><a href=\"https:\/\/artimex.pl\/suszarniazboz\/author\/grzegorz.rutecki@gmail.com\/\">Grzegorz<\/a><\/div><\/div><h3 class=\"post-title\"><a href=\"https:\/\/artimex.pl\/suszarniazboz\/blog\/2022\/11\/15\/energia-odnawialna-w-suszarniach-nizsze-koszty-mniejszy-slad-weglowy\/\">Energia odnawialna w suszarniach \u2013 ni\u017csze koszty, mniejszy \u015blad w\u0119glowy<\/a><\/h3><div class=\"post-content\">Nowoczesne suszarnie coraz cz\u0119\u015bciej stawiaj\u0105 na odnawialne \u017ar\u00f3d\u0142a energii. Fotowoltaika, biomasa czy odzysk ciep\u0142a pozwalaj\u0105 znacz\u0105co obni\u017cy\u0107 koszty eksploatacji i zmniejszy\u0107 wp\u0142yw na \u015brodowisko. To nie tylko oszcz\u0119dno\u015b\u0107, ale te\u017c przewaga konkurencyjna i zgodno\u015b<\/div><div class=\"post-more-button\"><a href=\"https:\/\/artimex.pl\/suszarniazboz\/blog\/2022\/11\/15\/energia-odnawialna-w-suszarniach-nizsze-koszty-mniejszy-slad-weglowy\/\"><span>Read more<\/span><svg viewBox=\"0 0 13 20\"><polyline points=\"0.5 19.5 3 19.5 12.5 10 3 0.5\" \/><\/svg><\/a><\/div>    <\/div>\r\n<\/div>\r\n<div class=\"standard-blog-item-wrapper post post-5741 type-post status-publish format-standard has-post-thumbnail hentry category-magazyny category-suszarnia tag-artimex tag-bezpieczenstwo-zywnosci tag-kontrola-jakosci-plonow tag-magazynowanie-zboz tag-oze tag-suszarnia-zboz tag-technologia-rolnicza\">\r\n    <div class=\"blog-item item-with-date\">\r\n        <div class=\"post-media-wrapper\"><a href=\"https:\/\/artimex.pl\/suszarniazboz\/blog\/2022\/11\/15\/montaz-fotowoltaiki\/\"><picture><source media=\"(max-width: 575px)\" sizes=\"(max-width: 535px) 535px\" srcset=\"https:\/\/artimex.pl\/suszarniazboz\/wp-content\/uploads\/2022\/11\/istockphoto-1332298400-612x612-1-535x400.jpg 535w\"><source media=\"(max-width: 991px)\" sizes=\"(max-width: 951px) 951px\" srcset=\"https:\/\/artimex.pl\/suszarniazboz\/wp-content\/uploads\/2022\/11\/istockphoto-1332298400-612x612-1.jpg 951w\"><img decoding=\"async\" alt=\"istockphoto-1332298400-612x612\" title=\"istockphoto-1332298400-612x612\" src=\"https:\/\/artimex.pl\/suszarniazboz\/wp-content\/uploads\/2022\/11\/istockphoto-1332298400-612x612-1.jpg\" class=\"attachment-post-thumbnail size-post-thumbnail wp-post-image\" \/><\/picture><\/a><\/div><div class=\"post-labels\"><div class=\"post-categories\"><a class=\"post-category-item\" href=\"https:\/\/artimex.pl\/suszarniazboz\/blog\/category\/magazyny\/\">magazyny<\/a><a class=\"post-category-item\" href=\"https:\/\/artimex.pl\/suszarniazboz\/blog\/category\/suszarnia\/\">suszarnia<\/a><\/div><\/div><div class=\"post-meta-header\"><div class=\"post-meta-item post-meta-item-date\"><a href=\"https:\/\/artimex.pl\/suszarniazboz\/blog\/2022\/11\/15\/\">15 listopada, 2022<\/a><\/div><div class=\"post-meta-item post-meta-item-author\"><a href=\"https:\/\/artimex.pl\/suszarniazboz\/author\/grzegorz.rutecki@gmail.com\/\">Grzegorz<\/a><\/div><\/div><h3 class=\"post-title\"><a href=\"https:\/\/artimex.pl\/suszarniazboz\/blog\/2022\/11\/15\/montaz-fotowoltaiki\/\">Bezpieczne magazynowanie zb\u00f3\u017c \u2013 jak technologia chroni Twoje plony<\/a><\/h3><div class=\"post-content\">Po zako\u0144czeniu \u017cniw praca si\u0119 nie ko\u0144czy. To, jak przechowywane jest ziarno, decyduje o jego warto\u015bci i bezpiecze\u0144stwie. Dzi\u0119ki nowoczesnym systemom monitoringu i automatyzacji wsp\u00f3\u0142czesne magazyny i silosy potrafi\u0105 samodzielnie kontrolowa\u0107 warunki, reagowa\u0107 na zmiany <\/div><div class=\"post-more-button\"><a href=\"https:\/\/artimex.pl\/suszarniazboz\/blog\/2022\/11\/15\/montaz-fotowoltaiki\/\"><span>Read more<\/span><svg viewBox=\"0 0 13 20\"><polyline points=\"0.5 19.5 3 19.5 12.5 10 3 0.5\" \/><\/svg><\/a><\/div>    <\/div>\r\n<\/div>            <\/div>\n\n            <div class=\"content-pagination\"><nav class=\"pagination\"><div class=\"nav-links\"><\/div><\/nav><\/div>        <\/div>\n        \t\t\t\t<\/div>\n\t\t\t\t<\/div>\n\t\t\t\t\t<\/div>\n\t\t<\/div>\n\t\t\t\t\t<\/div>\n\t\t<\/section>\n\t\t\t\t<\/div>\n\t\t","protected":false},"excerpt":{"rendered":"","protected":false},"author":1,"featured_media":0,"parent":0,"menu_order":0,"comment_status":"closed","ping_status":"closed","template":"","meta":{"inline_featured_image":false,"footnotes":""},"class_list":["post-43","page","type-page","status-publish","hentry"],"_links":{"self":[{"href":"https:\/\/artimex.pl\/suszarniazboz\/wp-json\/wp\/v2\/pages\/43","targetHints":{"allow":["GET"]}}],"collection":[{"href":"https:\/\/artimex.pl\/suszarniazboz\/wp-json\/wp\/v2\/pages"}],"about":[{"href":"https:\/\/artimex.pl\/suszarniazboz\/wp-json\/wp\/v2\/types\/page"}],"author":[{"embeddable":true,"href":"https:\/\/artimex.pl\/suszarniazboz\/wp-json\/wp\/v2\/users\/1"}],"replies":[{"embeddable":true,"href":"https:\/\/artimex.pl\/suszarniazboz\/wp-json\/wp\/v2\/comments?post=43"}],"version-history":[{"count":1,"href":"https:\/\/artimex.pl\/suszarniazboz\/wp-json\/wp\/v2\/pages\/43\/revisions"}],"predecessor-version":[{"id":5808,"href":"https:\/\/artimex.pl\/suszarniazboz\/wp-json\/wp\/v2\/pages\/43\/revisions\/5808"}],"wp:attachment":[{"href":"https:\/\/artimex.pl\/suszarniazboz\/wp-json\/wp\/v2\/media?parent=43"}],"curies":[{"name":"wp","href":"https:\/\/api.w.org\/{rel}","templated":true}]}}