{"id":3,"date":"2022-11-08T22:44:48","date_gmt":"2022-11-08T22:44:48","guid":{"rendered":"https:\/\/artimex.pl\/suszarniazboz\/?page_id=3"},"modified":"2025-10-31T17:50:06","modified_gmt":"2025-10-31T16:50:06","slug":"polityka-prywatnosci","status":"publish","type":"page","link":"https:\/\/artimex.pl\/suszarniazboz\/polityka-prywatnosci\/","title":{"rendered":"Polityka prywatno\u015bci"},"content":{"rendered":"<div class=\"wp-block-title\">\n<h1 class=\"wp-block-heading\">Polityka prywatno\u015bci<\/h1><div class=\"wp-block-title-pattern\"><\/div>\n<\/div>\n\n\n<p>W\u0142a\u015bcicielem serwisu internetowego www.artimex.eu oraz marki Artimex jest Artimex S.A.. Firma o\u015bwiadcza, \u017ce zapewnia wysoki poziom bezpiecze\u0144stwa podczas korzystania z jej us\u0142ug. Zarz\u0105dzanie danymi osobowymi podanymi przez klient\u00f3w odbywa si\u0119 zgodnie z zapisami Ustawy z dnia 29. sierpnia 1997. r. o ochronie danych osobowych. (Dz. U. z dnia 29. pa\u017adziernika 1997. r. ze zm.) oraz z Rozporz\u0105dzeniem Parlamentu Europejskiego i Rady (UE) 2016\/679 z dnia 27 kwietnia 2016 r. w sprawie ochrony os\u00f3b fizycznych w zwi\u0105zku z przetwarzaniem danych osobowych i w sprawie swobodnego przep\u0142ywu takich danych oraz uchylenia dyrektywy 95\/46\/WE (og\u00f3lne rozporz\u0105dzenie o ochronie danych), zwanym w skr\u00f3cie RODO.<br>Informacje szczeg\u00f3\u0142owe o administrowaniu danymi osobowymi zawiera poni\u017cszy regulamin.<\/p>\n\n\n\n<p>Administratorem danych osobowych jest<br><\/p>\n\n\n<div class=\"wp-block-title\">\n<h2 class=\"wp-block-heading\">LOKALIZACJA<\/h2><div class=\"wp-block-title-pattern\"><\/div>\n<\/div>\n\n\n<p>Artimex S.A.<br>ul. Grzebskiego 10,<br>06-500 M\u0142awa<br>NIP: 5262635133<\/p>\n\n\n<div class=\"wp-block-title\">\n<h2 class=\"wp-block-heading\">SEKRETARIAT<\/h2><div class=\"wp-block-title-pattern\"><\/div>\n<\/div>\n\n\n<p>23 654 64 76<\/p>\n\n\n<div class=\"wp-block-title\">\n<h2 class=\"wp-block-heading\">EMAIL<\/h2><div class=\"wp-block-title-pattern\"><\/div>\n<\/div>\n\n\n<p><a href=\"mailto:biuro@artimex.pl\">biuro@artimex.pl<\/a><\/p>\n\n\n<div class=\"wp-block-title\">\n<h2 class=\"wp-block-heading\"><strong>Dane osobowe<\/strong><\/h2><div class=\"wp-block-title-pattern\"><\/div>\n<\/div>\n\n\n<p>Korzystaj\u0105c z us\u0142ug Artimex, klient zgadza si\u0119 na dobrowolne podanie danych nadawcy i odbiorcy niezb\u0119dnych do realizacji zam\u00f3wienia. Dane osobowe b\u0119d\u0105 przetwarzane przez Artimex S.A.. w szczeg\u00f3lno\u015bci do:<br>a) Na podstawie art. 6 ust. 1 Rozporz\u0105dzenia Parlamentu Europejskiego i Rady (UE) 2016\/679 z dnia 27 kwietnia 2016 r. w sprawie ochrony os\u00f3b fizycznych w zwi\u0105zku z przetwarzaniem danych osobowych i w sprawie swobodnego przep\u0142ywu takich danych oraz uchylenia dyrektywy 95\/46\/WE (og\u00f3lne rozporz\u0105dzenie o ochronie danych):<br>\u2013 do realizacji zam\u00f3wienia<br>\u2013 odpowiedzi na zapytania<br>\u2013 archiwizacji<br>\u2013 wype\u0142nienia obowi\u0105zku prawnego ci\u0105\u017c\u0105cego na Administratorze<br>b) na podstawie prawnie uzasadnionego interesu:<br>\u2013 marketingu produkt\u00f3w lub us\u0142ug w\u0142asnych, w tym spersonalizowanych na podstawie profilu klienta<br>\u2013 organizowania i przeprowadzania konkurs\u00f3w oraz innych akcji marketingowych<br>\u2013 dochodzenia lub zabezpieczenia roszcze\u0144<br>\u2013 prowadzenia analiz jako\u015bci technicznej \u015bwiadczonych us\u0142ug i sprz\u0119tu<br>c) na podstawie odr\u0119bnej zgody:<br>\u2013 marketingu bezpo\u015bredniego produkt\u00f3w lub us\u0142ug w\u0142asnych Artimex S.A. oraz marketingu bezpo\u015bredniego produkt\u00f3w lub us\u0142ug podmiot\u00f3w wsp\u00f3\u0142pracuj\u0105cych, przy czym dane osobowe klienta nie b\u0119d\u0105 udost\u0119pniane podmiotom trzecim. Marketing bezpo\u015bredni mo\u017ce by\u0107 realizowany za pomoc\u0105 \u015brodk\u00f3w komunikacji elektronicznej (np. SMS, MMS, e-mail), telekomunikacyjnych urz\u0105dze\u0144 ko\u0144cowych (np. tablet) oraz automatycznych system\u00f3w wywo\u0142uj\u0105cych (np. program\u00f3w s\u0142u\u017c\u0105cych do automatycznego wysy\u0142ania e-maili).<br>\u2013 marketingu bezpo\u015bredniego opartego na analizie danych dotycz\u0105cych np. przegl\u0105danych podstron na stronie www.artimex.eu.<br>\u2013 analiz preferencji lub zainteresowa\u0144 klienta, analiz ogl\u0105dalno\u015bci lub rozwoju \u015bwiadczonych us\u0142ug w oparciu o zautomatyzowane przetwarzanie przez Administratora danych z urz\u0105dze\u0144, kt\u00f3rymi klient pos\u0142uguje si\u0119 podczas korzystania ze strony internetowej (np. z komputera, urz\u0105dze\u0144 mobilnych). Na podstawie tworzonego profilu klienta Administrator mo\u017ce: (i) dostosowa\u0107 \u015bwiadczone us\u0142ugi do indywidualnych zainteresowa\u0144 klienta lub (ii) zaproponowa\u0107 spersonalizowan\u0105 ofert\u0119 . W wymienionych powy\u017cej celach Administrator b\u0119dzie przetwarza\u0142 dane dotycz\u0105ce: 1) Ilo\u015bci sprzedawanych towar\u00f3w przez klienta oraz 2) korzystania z informacji dostarczanych drog\u0105 elektroniczn\u0105 (np. strona internetowa). Administrator nie b\u0119dzie przetwarza\u0107 szczeg\u00f3lnych kategorii danych, o kt\u00f3rych mowa w art. 9 RODO.<br>\u2013 dokonania weryfikacji wiarygodno\u015bci p\u0142atniczej klienta w oparciu o informacje zawarte w bazie danych Administratora.<br>Dane osobowe nadawcy podlegaj\u0105 szczeg\u00f3lnej ochronie i nie s\u0105 ujawniane osobom trzecim, w tym odbiorcy przesy\u0142ki. Administrator danych zapewnia \u015brodki fizycznej, technicznej i organizacyjnej ochrony przed ich przypadkowym czy umy\u015blnym zniszczeniem, przypadkow\u0105 utrat\u0105, zmian\u0105, nieuprawnionym ujawnieniem, wykorzystaniem czy dost\u0119pem, zgodnie ze wszystkimi obowi\u0105zuj\u0105cymi przepisami.<br>Dane osobowe nadawcy s\u0105 wykorzystywane przede wszystkim do kontaktowania si\u0119 z nim w ramach realizacji zam\u00f3wienia. Dane osobowe przetwarzane w celu zawarcia lub wykonania umowy oraz wype\u0142nienia obowi\u0105zku prawnego Administratora b\u0119d\u0105 przechowywane przez okres obowi\u0105zywania umowy, a po jego up\u0142ywie przez okres niezb\u0119dny do: a) posprzeda\u017cowej obs\u0142ugi klient\u00f3w (np. obs\u0142ugi reklamacji)<br>b) zabezpieczenia lub dochodzenia ewentualnych roszcze\u0144 przys\u0142uguj\u0105cych Poczcie S\u0142odyczowej<br>c) wype\u0142nienia obowi\u0105zku prawnego Administratora (np. wynikaj\u0105cego z przepis\u00f3w podatkowych lub rachunkowych)<br>Je\u017celi \u017cyczeniem nadawcy jest, aby odbiorca by\u0142 poinformowany, kto jest nadawc\u0105 przesy\u0142ki, mo\u017ce wpisa\u0107 opcjonalnie wiadomo\u015b\u0107 i podpisa\u0107 j\u0105 w polu \u201eNadawca\u201d na kartce z \u017cyczeniami lub dowolnym produkcie, kt\u00f3ry pozwala na tak\u0105&nbsp;personalizacj\u0119. Wiadomo\u015b\u0107 oraz podpis zostan\u0105 do\u0142\u0105czone do prezentu. Je\u017celi podpis nie zostanie zapisany lub dodany przez nadawc\u0119 w formie personalizowanego produktu, przesy\u0142ka pozostaje anonimowa.<br>W przypadku zam\u00f3wie\u0144 zagranicznych dane nadawcy s\u0105 wymagane, poniewa\u017c niekt\u00f3re oddzia\u0142y mog\u0105 odm\u00f3wi\u0107 realizacji zam\u00f3wienia niezawieraj\u0105cego tych danych.<br>Kategoriami odbiorc\u00f3w danych s\u0105: partnerzy handlowi, operatorzy pocztowi, przewo\u017anicy, firmy archiwizuj\u0105ce dokumenty, partnerzy \u015bwiadcz\u0105cy us\u0142ugi techniczne (np. rozwijanie i utrzymywanie system\u00f3w informatycznych i serwis\u00f3w internetowych), firmy hostingowe.<\/p>\n\n\n<div class=\"wp-block-title\">\n<h2 class=\"wp-block-heading\"><strong>Prawa osoby, kt\u00f3rej dotycz\u0105 dane osobowe:<\/strong><\/h2><div class=\"wp-block-title-pattern\"><\/div>\n<\/div>\n\n\n<p>Klientowi przys\u0142uguje prawo do wgl\u0105du, modyfikacji oraz usuni\u0119cia danych osobowych przekazanych Poczcie S\u0142odyczowej. W szczeg\u00f3lno\u015bci klientowi przys\u0142uguj\u0105 prawa do:<br>a) dost\u0119pu do tre\u015bci swoich danych osobowych, czyli prawo do uzyskania potwierdzenia czy Administrator przetwarza dane oraz informacji dotycz\u0105cych takiego przetwarzania.<br>b) sprostowania danych, je\u017celi dane przetwarzane przez Administratora s\u0105 nieprawid\u0142owe lub niekompletne<br>c) \u017c\u0105dania od Administratora usuni\u0119cia danych<br>d) \u017c\u0105dania od Administratora ograniczenia przetwarzania danych<br>e) przenoszenia danych, czyli prawo do otrzymania dostarczonych Administratorowi danych osobowych oraz przes\u0142ania ich innemu administratorowi<br>f) wniesienia sprzeciwu wobec przetwarzania danych na podstawie uzasadnionego interesu Administratora lub wobec przetwarzania w celu marketingu bezpo\u015bredniego<br>g) wniesienia skargi do polskiego organu nadzorczego lub organu nadzorczego innego pa\u0144stwa cz\u0142onkowskiego Unii Europejskiej, w\u0142a\u015bciwego ze wzgl\u0119du na miejsce zwyk\u0142ego pobytu lub pracy osoby, kt\u00f3rej dane dotycz\u0105 lub ze wzgl\u0119du na miejsce domniemanego naruszenia przepis\u00f3w<br>h) cofni\u0119cia zgody w dowolnym momencie (bez wp\u0142ywu na zgodno\u015b\u0107 z prawem przetwarzania, kt\u00f3rego dokonano na podstawie zgody przed jej cofni\u0119ciem)<br>i) uzyskania interwencji ludzkiej ze strony Administratora, wyra\u017cenia w\u0142asnego stanowiska i do zakwestionowania decyzji opartej na zautomatyzowanym przetwarzaniu danych.<br>Prawa powy\u017csze mo\u017cna zrealizowa\u0107 poprzez: \u2013 zg\u0142oszenie takiej dyspozycji mailowo na adres&nbsp;biuro@artimex.pl<br>\u2013 zg\u0142oszenie takiej dyspozycji telefonicznie pod numerem 23 654 64 76.<br>\u2013 zg\u0142oszenie takiej dyspozycji korespondencj\u0105 tradycyjn\u0105 na adres:<\/p>\n\n\n<div class=\"wp-block-title\">\n<h2 class=\"wp-block-heading\">LOKALIZACJA<\/h2><div class=\"wp-block-title-pattern\"><\/div>\n<\/div>\n\n\n<p>Artimex S.A.<br>ul. Grzebskiego 10,<br>06-500 M\u0142awa<br>NIP: 5262635133<\/p>\n\n\n<div class=\"wp-block-title\">\n<h2 class=\"wp-block-heading\">SEKRETARIAT<\/h2><div class=\"wp-block-title-pattern\"><\/div>\n<\/div>\n\n\n<p>23 654 64 76<\/p>\n\n\n<div class=\"wp-block-title\">\n<h2 class=\"wp-block-heading\">EMAIL<\/h2><div class=\"wp-block-title-pattern\"><\/div>\n<\/div>\n\n\n<p><a href=\"mailto:biuro@artimex.pl\">biuro@artimex.pl<\/a><\/p>\n\n\n<div class=\"wp-block-title\">\n<h2 class=\"wp-block-heading\"><strong>Cookies, Remarketing Google<\/strong><\/h2><div class=\"wp-block-title-pattern\"><\/div>\n<\/div>\n\n\n<p>Dane typu Cookies s\u0105 zbierane przez firm\u0119 Artimex S.A. w celu gromadzenia informacji dotycz\u0105cych korzystania z serwisu internetowego www.artimex.eu.<br>Dane zawarte w plikach typu Cookies umo\u017cliwiaj\u0105 dostosowanie serwisu do potrzeb klient\u00f3w i zapewniaj\u0105 klientom wygod\u0119 podczas przegl\u0105dania strony. Dzi\u0119ki nim mo\u017cliwe jest podtrzymanie sesji \u2013 u\u017cytkownik nie musi wpisywa\u0107 loginu i has\u0142a na ka\u017cdej podstronie serwisu.<br>Dane zawarte w plikach typu Cookies s\u0142u\u017c\u0105 tak\u017ce celom statystycznym oraz optymalizacji u\u017cyteczno\u015bci strony. Cookies s\u0105 wykorzystywane przez firm\u0119 Artimex S.A.. do prowadzenia serwisu: generowania statystyk ogl\u0105dalno\u015bci strony za po\u015brednictwem popularnych narz\u0119dzi marketingowych dostawc\u00f3w zewn\u0119trznych takich jak Google Analytics. Google nie \u0142\u0105czy posiadanych o u\u017cytkowniku danych z jego adresem IP ani z \u017cadnymi innymi informacjami niezale\u017cnie zebranymi.<br>Ka\u017cdy u\u017cytkownik mo\u017ce zar\u00f3wno sam zarz\u0105dza\u0107 swoimi plikami Cookies poprzez zablokowanie w swojej przegl\u0105darce instalowania tych plik\u00f3w, jak i usun\u0105\u0107 ju\u017c wygenerowane. Je\u017celi nie wyra\u017casz zgody na monitorowanie Twojej aktywno\u015bci w witrynie, wy\u0142\u0105cz w swojej przegl\u0105darce obs\u0142ug\u0119 JavaScript oraz usu\u0144 pliki Cookies.<br>Aby dowiedzie\u0107 si\u0119 wi\u0119cej o tym, jak wykorzystywane s\u0105 pliki typu Cookies w remarketingu firmy Google oraz jak dzia\u0142aj\u0105 reklamy internetowe, przeczytaj polityk\u0119 Google dotyczac\u0105 wy\u015bwietlania reklam: www.google.com\/policies\/technologies\/cookies\/<\/p>\n\n\n<div class=\"wp-block-title\">\n<h2 class=\"wp-block-heading\"><strong>Postanowienia ko\u0144cowe<\/strong><\/h2><div class=\"wp-block-title-pattern\"><\/div>\n<\/div>\n\n\n<p>W kwestiach nieuregulowanych niniejszym regulaminem obowi\u0105zuj\u0105 przepisy prawa polskiego, w szczeg\u00f3lno\u015bci przepisy Kodeksu cywilnego.<br>W\u0142a\u015bciciel serwisu ma prawo wprowadza\u0107 zmiany w Polityce Prywatno\u015bci. Informacje o tych zmianach pojawi\u0105 si\u0119 na stronie serwisu www.artimex.eu.<\/p>\n\n\n\n<p><\/p>\n","protected":false},"excerpt":{"rendered":"<p>Polityka prywatno\u015bci W\u0142a\u015bcicielem serwisu internetowego www.artimex.eu oraz marki Artimex jest Artimex S.A.. Firma o\u015bwiadcza, \u017ce zapewnia wysoki poziom bezpiecze\u0144stwa podczas korzystania z jej us\u0142ug. Zarz\u0105dzanie danymi osobowymi podanymi przez klient\u00f3w odbywa si\u0119 zgodnie z zapisami Ustawy z dnia 29. sierpnia 1997&#8230;.<\/p>\n","protected":false},"author":1,"featured_media":0,"parent":0,"menu_order":0,"comment_status":"closed","ping_status":"open","template":"","meta":{"inline_featured_image":false,"footnotes":""},"class_list":["post-3","page","type-page","status-publish","hentry"],"_links":{"self":[{"href":"https:\/\/artimex.pl\/suszarniazboz\/wp-json\/wp\/v2\/pages\/3","targetHints":{"allow":["GET"]}}],"collection":[{"href":"https:\/\/artimex.pl\/suszarniazboz\/wp-json\/wp\/v2\/pages"}],"about":[{"href":"https:\/\/artimex.pl\/suszarniazboz\/wp-json\/wp\/v2\/types\/page"}],"author":[{"embeddable":true,"href":"https:\/\/artimex.pl\/suszarniazboz\/wp-json\/wp\/v2\/users\/1"}],"replies":[{"embeddable":true,"href":"https:\/\/artimex.pl\/suszarniazboz\/wp-json\/wp\/v2\/comments?post=3"}],"version-history":[{"count":5,"href":"https:\/\/artimex.pl\/suszarniazboz\/wp-json\/wp\/v2\/pages\/3\/revisions"}],"predecessor-version":[{"id":6104,"href":"https:\/\/artimex.pl\/suszarniazboz\/wp-json\/wp\/v2\/pages\/3\/revisions\/6104"}],"wp:attachment":[{"href":"https:\/\/artimex.pl\/suszarniazboz\/wp-json\/wp\/v2\/media?parent=3"}],"curies":[{"name":"wp","href":"https:\/\/api.w.org\/{rel}","templated":true}]}}