{"id":6544,"date":"2026-04-11T08:51:16","date_gmt":"2026-04-11T07:51:16","guid":{"rendered":"https:\/\/artimex.pl\/suszarniazboz\/en\/career\/"},"modified":"2026-04-11T09:07:53","modified_gmt":"2026-04-11T08:07:53","slug":"career","status":"publish","type":"page","link":"https:\/\/artimex.pl\/suszarniazboz\/en\/career\/","title":{"rendered":"Career"},"content":{"rendered":"\t\t<div data-elementor-type=\"wp-page\" data-elementor-id=\"6544\" class=\"elementor elementor-6544\">\n\t\t\t\t\t\t<section class=\"elementor-section elementor-top-section elementor-element elementor-element-4cd8bc65 elementor-section-boxed elementor-section-height-default elementor-section-height-default\" data-id=\"4cd8bc65\" data-element_type=\"section\" data-e-type=\"section\">\n\t\t\t\t\t\t<div class=\"elementor-container elementor-column-gap-default\">\n\t\t\t\t\t<div class=\"elementor-column elementor-col-100 elementor-top-column elementor-element elementor-element-406b7ccc\" data-id=\"406b7ccc\" data-element_type=\"column\" data-e-type=\"column\">\n\t\t\t<div class=\"elementor-widget-wrap elementor-element-populated\">\n\t\t\t\t\t\t<div class=\"elementor-element elementor-element-36e655ee elementor-hidden-laptop elementor-hidden-tablet_extra elementor-hidden-tablet elementor-hidden-mobile_extra elementor-hidden-mobile elementor-widget elementor-widget-energium_vertical_text\" data-id=\"36e655ee\" data-element_type=\"widget\" data-e-type=\"widget\" data-widget_type=\"energium_vertical_text.default\">\n\t\t\t\t<div class=\"elementor-widget-container\">\n\t\t\t\t\t<div class=\"vertical-text\">Team<\/div>\t\t\t\t<\/div>\n\t\t\t\t<\/div>\n\t\t\t\t<div class=\"elementor-element elementor-element-62476add elementor-widget elementor-widget-energium_heading\" data-id=\"62476add\" data-element_type=\"widget\" data-e-type=\"widget\" data-widget_type=\"energium_heading.default\">\n\t\t\t\t<div class=\"elementor-widget-container\">\n\t\t\t\t\t<div class=\"energium-heading-widget\"><h2 class=\"energium-heading\"><span class=\"energium-heading-icon\"><i class=\"fontello icon-title-element\"><\/i><\/span><span class=\"energium-heading-content\">Work with us<\/span><\/h2><\/div>\t\t\t\t<\/div>\n\t\t\t\t<\/div>\n\t\t\t\t<section class=\"elementor-section elementor-inner-section elementor-element elementor-element-4d4f4d7 elementor-section-boxed elementor-section-height-default elementor-section-height-default\" data-id=\"4d4f4d7\" data-element_type=\"section\" data-e-type=\"section\">\n\t\t\t\t\t\t<div class=\"elementor-container elementor-column-gap-extended\">\n\t\t\t\t\t<div class=\"elementor-column elementor-col-25 elementor-inner-column elementor-element elementor-element-2b432b46\" data-id=\"2b432b46\" data-element_type=\"column\" data-e-type=\"column\">\n\t\t\t<div class=\"elementor-widget-wrap elementor-element-populated\">\n\t\t\t\t\t\t<div class=\"elementor-element elementor-element-25ee6871 elementor-widget elementor-widget-energium_team_member\" data-id=\"25ee6871\" data-element_type=\"widget\" data-e-type=\"widget\" data-widget_type=\"energium_team_member.default\">\n\t\t\t\t<div class=\"elementor-widget-container\">\n\t\t\t\t\t\n            <div class=\"energium-team-member-widget\">\n                <div class=\"team-member-item\">\n\n                    <div class=\"team-member-item-media\">\n                        <img decoding=\"async\" src=\"https:\/\/artimex.pl\/suszarniazboz\/en\/wp-content\/uploads\/sites\/2\/2026\/04\/1574990966584-572x661.jpeg\" alt=\"\" \/>\n                        <div class=\"team-member-item-socials\"><span class=\"socials-trigger\"><\/span><ul class=\"wrapper-socials team-member-socials\"><li><a class=\"fab fa-linkedin-in\" href=\"https:\/\/www.linkedin.com\/in\/piotr-arent-586b91105\/\" target=\"_blank\" rel=\"noopener\"><\/a><\/li><\/ul><\/div>                    <\/div>\n\n                    <div class=\"team-member-item-content\"><div class=\"team-member-item-name\">Piotr Arent<\/div><div class=\"team-member-item-position\">President of the Board<\/div><div class=\"team-member-item-phone\">I invite you to cooperate<\/div><\/div>                <\/div>\n            <\/div>\n\n        \t\t\t\t<\/div>\n\t\t\t\t<\/div>\n\t\t\t\t\t<\/div>\n\t\t<\/div>\n\t\t\t\t<div class=\"elementor-column elementor-col-25 elementor-inner-column elementor-element elementor-element-32c77723\" data-id=\"32c77723\" data-element_type=\"column\" data-e-type=\"column\">\n\t\t\t<div class=\"elementor-widget-wrap elementor-element-populated\">\n\t\t\t\t\t\t<div class=\"elementor-element elementor-element-4e134412 type-7 elementor-absolute elementor-invisible elementor-widget elementor-widget-energium_decoration\" data-id=\"4e134412\" data-element_type=\"widget\" data-e-type=\"widget\" data-settings=\"{&quot;_position&quot;:&quot;absolute&quot;,&quot;_animation&quot;:&quot;energium_decoration&quot;}\" data-widget_type=\"energium_decoration.default\">\n\t\t\t\t<div class=\"elementor-widget-container\">\n\t\t\t\t\t<div class=\"decoration\"><div class=\"decoration-inner-1\"><div class=\"decoration-inner-2\"><div class=\"decoration-inner-3\"><\/div><\/div><\/div><\/div>\t\t\t\t<\/div>\n\t\t\t\t<\/div>\n\t\t\t\t<div class=\"elementor-element elementor-element-172d30f8 elementor-widget__width-auto elementor-absolute elementor-widget elementor-widget-counter\" data-id=\"172d30f8\" data-element_type=\"widget\" data-e-type=\"widget\" data-settings=\"{&quot;_position&quot;:&quot;absolute&quot;}\" data-widget_type=\"counter.default\">\n\t\t\t\t<div class=\"elementor-widget-container\">\n\t\t\t\t\t\t\t<div class=\"elementor-counter\">\n\t\t\t<div class=\"elementor-counter-title\">Tons per day -<br>corn drying capacity<\/div>\t\t\t<div class=\"elementor-counter-number-wrapper\">\n\t\t\t\t<span class=\"elementor-counter-number-prefix\"><\/span>\n\t\t\t\t<span class=\"elementor-counter-number\" data-duration=\"2000\" data-to-value=\"500\" data-from-value=\"0\" data-delimiter=\",\">0<\/span>\n\t\t\t\t<span class=\"elementor-counter-number-suffix\">+<\/span>\n\t\t\t<\/div>\n\t\t<\/div>\n\t\t\t\t\t\t<\/div>\n\t\t\t\t<\/div>\n\t\t\t\t\t<\/div>\n\t\t<\/div>\n\t\t\t\t<div class=\"elementor-column elementor-col-25 elementor-inner-column elementor-element elementor-element-155f5037\" data-id=\"155f5037\" data-element_type=\"column\" data-e-type=\"column\">\n\t\t\t<div class=\"elementor-widget-wrap elementor-element-populated\">\n\t\t\t\t\t\t<div class=\"elementor-element elementor-element-1365efa1 type-7 elementor-absolute elementor-invisible elementor-widget elementor-widget-energium_decoration\" data-id=\"1365efa1\" data-element_type=\"widget\" data-e-type=\"widget\" data-settings=\"{&quot;_position&quot;:&quot;absolute&quot;,&quot;_animation&quot;:&quot;energium_decoration&quot;}\" data-widget_type=\"energium_decoration.default\">\n\t\t\t\t<div class=\"elementor-widget-container\">\n\t\t\t\t\t<div class=\"decoration\"><div class=\"decoration-inner-1\"><div class=\"decoration-inner-2\"><div class=\"decoration-inner-3\"><\/div><\/div><\/div><\/div>\t\t\t\t<\/div>\n\t\t\t\t<\/div>\n\t\t\t\t<div class=\"elementor-element elementor-element-3b5a1f46 elementor-widget__width-auto elementor-absolute elementor-widget elementor-widget-counter\" data-id=\"3b5a1f46\" data-element_type=\"widget\" data-e-type=\"widget\" data-settings=\"{&quot;_position&quot;:&quot;absolute&quot;}\" data-widget_type=\"counter.default\">\n\t\t\t\t<div class=\"elementor-widget-container\">\n\t\t\t\t\t\t\t<div class=\"elementor-counter\">\n\t\t\t<div class=\"elementor-counter-title\">Tons - <br>warehouse capacity<\/div>\t\t\t<div class=\"elementor-counter-number-wrapper\">\n\t\t\t\t<span class=\"elementor-counter-number-prefix\"><\/span>\n\t\t\t\t<span class=\"elementor-counter-number\" data-duration=\"2000\" data-to-value=\"10000\" data-from-value=\"0\" data-delimiter=\",\">0<\/span>\n\t\t\t\t<span class=\"elementor-counter-number-suffix\"><\/span>\n\t\t\t<\/div>\n\t\t<\/div>\n\t\t\t\t\t\t<\/div>\n\t\t\t\t<\/div>\n\t\t\t\t\t<\/div>\n\t\t<\/div>\n\t\t\t\t<div class=\"elementor-column elementor-col-25 elementor-inner-column elementor-element elementor-element-416fe5de\" data-id=\"416fe5de\" data-element_type=\"column\" data-e-type=\"column\">\n\t\t\t<div class=\"elementor-widget-wrap elementor-element-populated\">\n\t\t\t\t\t\t<div class=\"elementor-element elementor-element-31c641c2 type-7 elementor-absolute elementor-invisible elementor-widget elementor-widget-energium_decoration\" data-id=\"31c641c2\" data-element_type=\"widget\" data-e-type=\"widget\" data-settings=\"{&quot;_position&quot;:&quot;absolute&quot;,&quot;_animation&quot;:&quot;energium_decoration&quot;}\" data-widget_type=\"energium_decoration.default\">\n\t\t\t\t<div class=\"elementor-widget-container\">\n\t\t\t\t\t<div class=\"decoration\"><div class=\"decoration-inner-1\"><div class=\"decoration-inner-2\"><div class=\"decoration-inner-3\"><\/div><\/div><\/div><\/div>\t\t\t\t<\/div>\n\t\t\t\t<\/div>\n\t\t\t\t<div class=\"elementor-element elementor-element-19635900 elementor-widget__width-auto elementor-absolute elementor-widget elementor-widget-counter\" data-id=\"19635900\" data-element_type=\"widget\" data-e-type=\"widget\" data-settings=\"{&quot;_position&quot;:&quot;absolute&quot;}\" data-widget_type=\"counter.default\">\n\t\t\t\t<div class=\"elementor-widget-container\">\n\t\t\t\t\t\t\t<div class=\"elementor-counter\">\n\t\t\t<div class=\"elementor-counter-title\">Years of experience in the industry<\/div>\t\t\t<div class=\"elementor-counter-number-wrapper\">\n\t\t\t\t<span class=\"elementor-counter-number-prefix\"><\/span>\n\t\t\t\t<span class=\"elementor-counter-number\" data-duration=\"2000\" data-to-value=\"10\" data-from-value=\"0\" data-delimiter=\",\">0<\/span>\n\t\t\t\t<span class=\"elementor-counter-number-suffix\">+<\/span>\n\t\t\t<\/div>\n\t\t<\/div>\n\t\t\t\t\t\t<\/div>\n\t\t\t\t<\/div>\n\t\t\t\t\t<\/div>\n\t\t<\/div>\n\t\t\t\t\t<\/div>\n\t\t<\/section>\n\t\t\t\t\t<\/div>\n\t\t<\/div>\n\t\t\t\t\t<\/div>\n\t\t<\/section>\n\t\t\t\t<section class=\"elementor-section elementor-top-section elementor-element elementor-element-50bc3503 elementor-section-boxed elementor-section-height-default elementor-section-height-default\" data-id=\"50bc3503\" data-element_type=\"section\" data-e-type=\"section\">\n\t\t\t\t\t\t<div class=\"elementor-container elementor-column-gap-default\">\n\t\t\t\t\t<div class=\"elementor-column elementor-col-100 elementor-top-column elementor-element elementor-element-7c3a8f6b\" data-id=\"7c3a8f6b\" data-element_type=\"column\" data-e-type=\"column\">\n\t\t\t<div class=\"elementor-widget-wrap elementor-element-populated\">\n\t\t\t\t\t\t<div class=\"elementor-element elementor-element-1c971c37 elementor-widget elementor-widget-heading\" data-id=\"1c971c37\" data-element_type=\"widget\" data-e-type=\"widget\" data-widget_type=\"heading.default\">\n\t\t\t\t<div class=\"elementor-widget-container\">\n\t\t\t\t\t<h2 class=\"elementor-heading-title elementor-size-default\">Open Recruitments<\/h2>\t\t\t\t<\/div>\n\t\t\t\t<\/div>\n\t\t\t\t<div class=\"elementor-element elementor-element-58396d16 elementor-widget elementor-widget-accordion\" data-id=\"58396d16\" data-element_type=\"widget\" data-e-type=\"widget\" data-widget_type=\"accordion.default\">\n\t\t\t\t<div class=\"elementor-widget-container\">\n\t\t\t\t\t\t\t<div class=\"elementor-accordion\">\n\t\t\t\t\t\t\t<div class=\"elementor-accordion-item\">\n\t\t\t\t\t<div id=\"elementor-tab-title-1481\" class=\"elementor-tab-title\" data-tab=\"1\" role=\"button\" aria-controls=\"elementor-tab-content-1481\" aria-expanded=\"false\">\n\t\t\t\t\t\t\t\t\t\t\t\t\t<span class=\"elementor-accordion-icon elementor-accordion-icon-right\" aria-hidden=\"true\">\n\t\t\t\t\t\t\t\t\t\t\t\t\t\t\t<span class=\"elementor-accordion-icon-closed\"><i class=\"fontello icon-plus\"><\/i><\/span>\n\t\t\t\t\t\t\t\t<span class=\"elementor-accordion-icon-opened\"><i class=\"fontello icon-plus\"><\/i><\/span>\n\t\t\t\t\t\t\t\t\t\t\t\t\t\t<\/span>\n\t\t\t\t\t\t\t\t\t\t\t\t<a class=\"elementor-accordion-title\" tabindex=\"0\">1. Truck driver<\/a>\n\t\t\t\t\t<\/div>\n\t\t\t\t\t<div id=\"elementor-tab-content-1481\" class=\"elementor-tab-content elementor-clearfix\" data-tab=\"1\" role=\"region\" aria-labelledby=\"elementor-tab-title-1481\"><p>Are you interested in this position? Fill out the application form. We&#8217;ll get back to you.<\/p><\/div>\n\t\t\t\t<\/div>\n\t\t\t\t\t\t\t<div class=\"elementor-accordion-item\">\n\t\t\t\t\t<div id=\"elementor-tab-title-1482\" class=\"elementor-tab-title\" data-tab=\"2\" role=\"button\" aria-controls=\"elementor-tab-content-1482\" aria-expanded=\"false\">\n\t\t\t\t\t\t\t\t\t\t\t\t\t<span class=\"elementor-accordion-icon elementor-accordion-icon-right\" aria-hidden=\"true\">\n\t\t\t\t\t\t\t\t\t\t\t\t\t\t\t<span class=\"elementor-accordion-icon-closed\"><i class=\"fontello icon-plus\"><\/i><\/span>\n\t\t\t\t\t\t\t\t<span class=\"elementor-accordion-icon-opened\"><i class=\"fontello icon-plus\"><\/i><\/span>\n\t\t\t\t\t\t\t\t\t\t\t\t\t\t<\/span>\n\t\t\t\t\t\t\t\t\t\t\t\t<a class=\"elementor-accordion-title\" tabindex=\"0\">2. Telescopic loader operator<\/a>\n\t\t\t\t\t<\/div>\n\t\t\t\t\t<div id=\"elementor-tab-content-1482\" class=\"elementor-tab-content elementor-clearfix\" data-tab=\"2\" role=\"region\" aria-labelledby=\"elementor-tab-title-1482\"><p>Are you interested in this position? Fill out the application form. We&#8217;ll get back to you.<\/p><\/div>\n\t\t\t\t<\/div>\n\t\t\t\t\t\t\t\t<\/div>\n\t\t\t\t\t\t<\/div>\n\t\t\t\t<\/div>\n\t\t\t\t<div class=\"elementor-element elementor-element-1dea15fa elementor-widget elementor-widget-spacer\" data-id=\"1dea15fa\" data-element_type=\"widget\" data-e-type=\"widget\" data-widget_type=\"spacer.default\">\n\t\t\t\t<div class=\"elementor-widget-container\">\n\t\t\t\t\t\t\t<div class=\"elementor-spacer\">\n\t\t\t<div class=\"elementor-spacer-inner\"><\/div>\n\t\t<\/div>\n\t\t\t\t\t\t<\/div>\n\t\t\t\t<\/div>\n\t\t\t\t<div class=\"elementor-element elementor-element-28e32c4d elementor-widget elementor-widget-heading\" data-id=\"28e32c4d\" data-element_type=\"widget\" data-e-type=\"widget\" data-widget_type=\"heading.default\">\n\t\t\t\t<div class=\"elementor-widget-container\">\n\t\t\t\t\t<h2 class=\"elementor-heading-title elementor-size-default\">Application form<\/h2>\t\t\t\t<\/div>\n\t\t\t\t<\/div>\n\t\t\t\t<div class=\"elementor-element elementor-element-32bef9e1 elementor-widget elementor-widget-wpforms\" data-id=\"32bef9e1\" data-element_type=\"widget\" data-e-type=\"widget\" data-widget_type=\"wpforms.default\">\n\t\t\t\t<div class=\"elementor-widget-container\">\n\t\t\t\t\t<div class=\"wpforms-container wpforms-container-full\" id=\"wpforms-5714\"><form id=\"wpforms-form-5714\" class=\"wpforms-validate wpforms-form wpforms-ajax-form\" data-formid=\"5714\" method=\"post\" enctype=\"multipart\/form-data\" action=\"\/suszarniazboz\/en\/wp-json\/wp\/v2\/pages\/6544\" data-token=\"52916f62b1bdb1225f4a50671983c7f7\" data-token-time=\"1776429719\"><noscript class=\"wpforms-error-noscript\">Aby wype\u0142ni\u0107 ten formularz, w\u0142\u0105cz obs\u0142ug\u0119 JavaScript w przegl\u0105darce.<\/noscript><div class=\"wpforms-field-container\"><div id=\"wpforms-5714-field_1-container\" class=\"wpforms-field wpforms-field-text wpforms-one-half wpforms-first\" data-field-id=\"1\"><div class=\"wpforms-field-wrapper energium-form-field\"><div class=\"energium-label-wrapper\"><div class=\"energium-form-field-border-angle\"><\/div><label class=\"wpforms-field-label\" for=\"wpforms-5714-field_1\">Imi\u0119 i nazwisko <span class=\"wpforms-required-label\">*<\/span><\/label><div class=\"energium-form-field-border-top\"><\/div><\/div><input type=\"text\" id=\"wpforms-5714-field_1\" class=\"wpforms-field-large wpforms-field-required\" name=\"wpforms[fields][1]\" required><div class=\"energium-form-field-border-bottom\"><\/div><\/div><\/div><div id=\"wpforms-5714-field_2-container\" class=\"wpforms-field wpforms-field-email wpforms-one-half\" data-field-id=\"2\"><div class=\"wpforms-field-wrapper energium-form-field\"><div class=\"energium-label-wrapper\"><div class=\"energium-form-field-border-angle\"><\/div><label class=\"wpforms-field-label\" for=\"wpforms-5714-field_2\">E-mail <span class=\"wpforms-required-label\">*<\/span><\/label><div class=\"energium-form-field-border-top\"><\/div><\/div><input type=\"email\" id=\"wpforms-5714-field_2\" class=\"wpforms-field-large wpforms-field-required\" name=\"wpforms[fields][2]\" spellcheck=\"false\" required><div class=\"energium-form-field-border-bottom\"><\/div><\/div><\/div><div id=\"wpforms-5714-field_5-container\" class=\"wpforms-field wpforms-field-text\" data-field-id=\"5\"><div class=\"wpforms-field-wrapper energium-form-field\"><div class=\"energium-label-wrapper\"><div class=\"energium-form-field-border-angle\"><\/div><label class=\"wpforms-field-label\" for=\"wpforms-5714-field_5\">Temat<\/label><div class=\"energium-form-field-border-top\"><\/div><\/div><input type=\"text\" id=\"wpforms-5714-field_5\" class=\"wpforms-field-large\" name=\"wpforms[fields][5]\" ><div class=\"energium-form-field-border-bottom\"><\/div><\/div><\/div><div id=\"wpforms-5714-field_3-container\" class=\"wpforms-field wpforms-field-textarea\" data-field-id=\"3\"><div class=\"wpforms-field-wrapper energium-form-field\"><div class=\"energium-label-wrapper\"><div class=\"energium-form-field-border-angle\"><\/div><label class=\"wpforms-field-label\" for=\"wpforms-5714-field_3\">Wiadomo\u015b\u0107 <span class=\"wpforms-required-label\">*<\/span><\/label><div class=\"energium-form-field-border-top\"><\/div><\/div><textarea id=\"wpforms-5714-field_3\" class=\"wpforms-field-medium wpforms-field-required\" name=\"wpforms[fields][3]\" required><\/textarea><div class=\"energium-form-field-border-bottom\"><\/div><\/div><\/div><\/div><!-- .wpforms-field-container --><div class=\"wpforms-submit-container\" ><input type=\"hidden\" name=\"wpforms[id]\" value=\"5714\"><input type=\"hidden\" name=\"page_title\" value=\"\"><input type=\"hidden\" name=\"page_url\" value=\"https:\/\/artimex.pl\/suszarniazboz\/en\/wp-json\/wp\/v2\/pages\/6544\"><input type=\"hidden\" name=\"url_referer\" value=\"\"><button type=\"submit\" name=\"wpforms[submit]\" id=\"wpforms-submit-5714\" class=\"wpforms-submit\" data-alt-text=\"Wysy\u0142anie...\" data-submit-text=\"Wy\u015blij\" aria-live=\"assertive\" value=\"wpforms-submit\">Wy\u015blij<\/button><img decoding=\"async\" src=\"https:\/\/artimex.pl\/suszarniazboz\/en\/wp-content\/plugins\/wpforms-lite\/assets\/images\/submit-spin.svg\" class=\"wpforms-submit-spinner\" style=\"display: none;\" width=\"26\" height=\"26\" alt=\"Wczytywanie\"><\/div><\/form><\/div>  <!-- .wpforms-container -->\t\t\t\t<\/div>\n\t\t\t\t<\/div>\n\t\t\t\t\t<\/div>\n\t\t<\/div>\n\t\t\t\t\t<\/div>\n\t\t<\/section>\n\t\t\t\t<\/div>\n\t\t","protected":false},"excerpt":{"rendered":"<p>Tons per day &#8211;corn drying capacity 0 + Tons &#8211; warehouse capacity 0 Years of experience in the industry 0 + Open Recruitments 1. Truck driver Are you interested in this position? Fill out the application form. We&#8217;ll get back to&#8230;<\/p>\n","protected":false},"author":2,"featured_media":0,"parent":0,"menu_order":0,"comment_status":"closed","ping_status":"closed","template":"","meta":{"inline_featured_image":false,"footnotes":""},"class_list":["post-6544","page","type-page","status-publish","hentry"],"_links":{"self":[{"href":"https:\/\/artimex.pl\/suszarniazboz\/en\/wp-json\/wp\/v2\/pages\/6544","targetHints":{"allow":["GET"]}}],"collection":[{"href":"https:\/\/artimex.pl\/suszarniazboz\/en\/wp-json\/wp\/v2\/pages"}],"about":[{"href":"https:\/\/artimex.pl\/suszarniazboz\/en\/wp-json\/wp\/v2\/types\/page"}],"author":[{"embeddable":true,"href":"https:\/\/artimex.pl\/suszarniazboz\/en\/wp-json\/wp\/v2\/users\/2"}],"replies":[{"embeddable":true,"href":"https:\/\/artimex.pl\/suszarniazboz\/en\/wp-json\/wp\/v2\/comments?post=6544"}],"version-history":[{"count":7,"href":"https:\/\/artimex.pl\/suszarniazboz\/en\/wp-json\/wp\/v2\/pages\/6544\/revisions"}],"predecessor-version":[{"id":6628,"href":"https:\/\/artimex.pl\/suszarniazboz\/en\/wp-json\/wp\/v2\/pages\/6544\/revisions\/6628"}],"wp:attachment":[{"href":"https:\/\/artimex.pl\/suszarniazboz\/en\/wp-json\/wp\/v2\/media?parent=6544"}],"curies":[{"name":"wp","href":"https:\/\/api.w.org\/{rel}","templated":true}]}}